{"id":1951,"date":"2025-03-04T17:45:47","date_gmt":"2025-03-04T17:45:47","guid":{"rendered":"https:\/\/avances.ghdesarrollos.mx\/?page_id=1951"},"modified":"2026-04-13T16:59:44","modified_gmt":"2026-04-13T16:59:44","slug":"club-playa","status":"publish","type":"page","link":"https:\/\/avances.ghdesarrollos.mx\/index.php\/club-playa\/","title":{"rendered":"Club Playa"},"content":{"rendered":"<p>[et_pb_section fb_built=\u00bb1&#8243; fullwidth=\u00bbon\u00bb admin_label=\u00bbSecci\u00f3n\u00bb _builder_version=\u00bb4.22.2&#8243; _module_preset=\u00bbdefault\u00bb background_image=\u00bbhttps:\/\/avances.ghdesarrollos.mx\/wp-content\/uploads\/2023\/10\/BANNER-WEB-AVANCES-DE-OBRA_1920x1080_2.jpg\u00bb custom_margin=\u00bb||-25px|||\u00bb background_last_edited=\u00bboff|phone\u00bb background_enable_color_phone=\u00bboff\u00bb background_enable_image_phone=\u00bboff\u00bb global_colors_info=\u00bb{}\u00bb][\/et_pb_section][et_pb_section fb_built=\u00bb1&#8243; admin_label=\u00bbSecci\u00f3n\u00bb module_id=\u00bbvideos\u00bb _builder_version=\u00bb4.23&#8243; _module_preset=\u00bbdefault\u00bb background_color=\u00bb#f6f6f6&#8243; custom_padding=\u00bb1px||0px|||\u00bb global_colors_info=\u00bb{}\u00bb][et_pb_row _builder_version=\u00bb4.23.4&#8243; _module_preset=\u00bbdefault\u00bb global_colors_info=\u00bb{}\u00bb][et_pb_column type=\u00bb4_4&#8243; _builder_version=\u00bb4.23.4&#8243; _module_preset=\u00bbdefault\u00bb global_colors_info=\u00bb{}\u00bb][et_pb_text module_id=\u00bbimagenes\u00bb _builder_version=\u00bb4.23&#8243; _module_preset=\u00bb8e005a5e-3158-423d-aa3d-31f26dd37c50&#8243; text_font_size=\u00bb80px\u00bb text_text_shadow_style=\u00bbpreset1&#8243; global_colors_info=\u00bb{}\u00bb]<\/p>\n<h2 style=\"text-align: center;\">\u00a1Mira nuestros incre\u00edbles avances!<\/h2>\n<p>[\/et_pb_text][et_pb_video src=\u00bbhttps:\/\/youtu.be\/4lE_kSQw3vU\u00bb _builder_version=\u00bb4.23.4&#8243; _module_preset=\u00bbdefault\u00bb global_colors_info=\u00bb{}\u00bb][\/et_pb_video][\/et_pb_column][\/et_pb_row][\/et_pb_section][et_pb_section fb_built=\u00bb1&#8243; admin_label=\u00bbFeature\u00bb module_id=\u00bbimagenes\u00bb _builder_version=\u00bb4.23.4&#8243; _module_preset=\u00bbdefault\u00bb background_color=\u00bb#f6f6f6&#8243; background_enable_image=\u00bboff\u00bb parallax=\u00bbon\u00bb custom_padding=\u00bb||1px|||\u00bb collapsed=\u00bbon\u00bb global_colors_info=\u00bb{}\u00bb][et_pb_row _builder_version=\u00bb4.22.2&#8243; _module_preset=\u00bbdefault\u00bb max_width=\u00bb1210px\u00bb global_colors_info=\u00bb{}\u00bb][et_pb_column type=\u00bb4_4&#8243; _builder_version=\u00bb4.21.0&#8243; _module_preset=\u00bbdefault\u00bb global_colors_info=\u00bb{}\u00bb][et_pb_text module_id=\u00bbimagenes\u00bb _builder_version=\u00bb4.23&#8243; _module_preset=\u00bb8e005a5e-3158-423d-aa3d-31f26dd37c50&#8243; text_font_size=\u00bb80px\u00bb text_text_shadow_style=\u00bbpreset1&#8243; global_colors_info=\u00bb{}\u00bb]<\/p>\n<h2 style=\"text-align: center;\">Avances Club de Playa<\/h2>\n<p>[\/et_pb_text][\/et_pb_column][\/et_pb_row][et_pb_row column_structure=\u00bb1_3,1_3,1_3&#8243; _builder_version=\u00bb4.23.4&#8243; _module_preset=\u00bbdefault\u00bb width=\u00bb100%\u00bb max_width=\u00bb1000px\u00bb module_alignment=\u00bbcenter\u00bb custom_margin=\u00bb|130px|-4px|130px||true\u00bb custom_padding=\u00bb|2px||||\u00bb global_colors_info=\u00bb{}\u00bb][et_pb_column type=\u00bb1_3&#8243; _builder_version=\u00bb4.23.4&#8243; _module_preset=\u00bbdefault\u00bb global_colors_info=\u00bb{}\u00bb][et_pb_blurb image=\u00bbhttps:\/\/avances.ghdesarrollos.mx\/wp-content\/uploads\/2025\/03\/Captura-de-pantalla-2025-03-03-a-las-4.13.57-p.m.png\u00bb content_max_width=\u00bb615px\u00bb _builder_version=\u00bb4.23.4&#8243; _module_preset=\u00bbdefault\u00bb header_text_align=\u00bbcenter\u00bb body_font=\u00bb||||||||\u00bb body_text_align=\u00bbjustify\u00bb background_color=\u00bbRGBA(255,255,255,0)\u00bb custom_margin=\u00bb|0px||0px|false|false\u00bb custom_padding=\u00bb0px|0px|3px|0px|false|true\u00bb link_option_url=\u00bbhttps:\/\/avances.ghdesarrollos.mx\/wp-content\/uploads\/2026\/04\/260326-KOKAI.pdf\u00bb link_option_url_new_window=\u00bbon\u00bb hover_enabled=\u00bb0&#8243; custom_css_free_form=\u00bb.et_pb_blurb_description p {||  margin-right: 15px;||  margin-left: 15px;||   margin-bottom: 10px;||}\u00bb border_radii=\u00bbon|12px|12px|12px|12px\u00bb box_shadow_style=\u00bbpreset1&#8243; locked=\u00bboff\u00bb global_colors_info=\u00bb{}\u00bb title__hover_enabled=\u00bboff|desktop\u00bb transform_styles__hover_enabled=\u00bbon|hover\u00bb transform_scale__hover_enabled=\u00bbon|hover\u00bb transform_translate__hover_enabled=\u00bbon|desktop\u00bb transform_rotate__hover_enabled=\u00bbon|desktop\u00bb transform_skew__hover_enabled=\u00bbon|desktop\u00bb transform_origin__hover_enabled=\u00bbon|desktop\u00bb transform_scale__hover=\u00bb90%|90%\u00bb sticky_enabled=\u00bb0&#8243;]<\/p>\n<h3 style=\"text-align: center;\"><em>Descripci\u00f3n de avances club de playa Kokai<\/em><\/h3>\n<p style=\"text-align: center;\">MARZO 2026<\/p>\n<p>[\/et_pb_blurb][\/et_pb_column][et_pb_column type=\u00bb1_3&#8243; _builder_version=\u00bb4.23.4&#8243; _module_preset=\u00bbdefault\u00bb global_colors_info=\u00bb{}\u00bb][et_pb_blurb image=\u00bbhttps:\/\/avances.ghdesarrollos.mx\/wp-content\/uploads\/2025\/03\/Captura-de-pantalla-2025-03-03-a-las-4.13.57-p.m.png\u00bb content_max_width=\u00bb615px\u00bb _builder_version=\u00bb4.23.4&#8243; _module_preset=\u00bbdefault\u00bb header_text_align=\u00bbcenter\u00bb body_font=\u00bb||||||||\u00bb body_text_align=\u00bbjustify\u00bb background_color=\u00bbRGBA(255,255,255,0)\u00bb custom_margin=\u00bb|0px||0px|false|false\u00bb custom_padding=\u00bb0px|0px|3px|0px|false|true\u00bb link_option_url=\u00bbhttps:\/\/avances.ghdesarrollos.mx\/wp-content\/uploads\/2026\/01\/KOKAI_ENERO_2026.pdf\u00bb link_option_url_new_window=\u00bbon\u00bb custom_css_free_form=\u00bb.et_pb_blurb_description p {||  margin-right: 15px;||  margin-left: 15px;||   margin-bottom: 10px;||}\u00bb border_radii=\u00bbon|12px|12px|12px|12px\u00bb box_shadow_style=\u00bbpreset1&#8243; locked=\u00bboff\u00bb global_colors_info=\u00bb{}\u00bb title__hover_enabled=\u00bboff|desktop\u00bb transform_styles__hover_enabled=\u00bbon|hover\u00bb transform_scale__hover_enabled=\u00bbon|hover\u00bb transform_translate__hover_enabled=\u00bbon|desktop\u00bb transform_rotate__hover_enabled=\u00bbon|desktop\u00bb transform_skew__hover_enabled=\u00bbon|desktop\u00bb transform_origin__hover_enabled=\u00bbon|desktop\u00bb transform_scale__hover=\u00bb90%|90%\u00bb]<\/p>\n<h3 style=\"text-align: center;\"><em>Descripci\u00f3n de avances club de playa Kokai<\/em><\/h3>\n<p style=\"text-align: center;\">ENERO 2026<\/p>\n<p>[\/et_pb_blurb][\/et_pb_column][et_pb_column type=\u00bb1_3&#8243; _builder_version=\u00bb4.23.4&#8243; _module_preset=\u00bbdefault\u00bb global_colors_info=\u00bb{}\u00bb][et_pb_blurb image=\u00bbhttps:\/\/avances.ghdesarrollos.mx\/wp-content\/uploads\/2025\/03\/Captura-de-pantalla-2025-03-03-a-las-4.13.57-p.m.png\u00bb content_max_width=\u00bb615px\u00bb _builder_version=\u00bb4.23.4&#8243; _module_preset=\u00bbdefault\u00bb header_text_align=\u00bbcenter\u00bb body_font=\u00bb||||||||\u00bb body_text_align=\u00bbjustify\u00bb background_color=\u00bbRGBA(255,255,255,0)\u00bb custom_margin=\u00bb|0px||0px|false|false\u00bb custom_padding=\u00bb0px|0px|3px|0px|false|true\u00bb link_option_url=\u00bbhttps:\/\/avances.ghdesarrollos.mx\/wp-content\/uploads\/2025\/12\/KOKAI_DIC_2025.pdf\u00bb link_option_url_new_window=\u00bbon\u00bb custom_css_free_form=\u00bb.et_pb_blurb_description p {||  margin-right: 15px;||  margin-left: 15px;||   margin-bottom: 10px;||}\u00bb border_radii=\u00bbon|12px|12px|12px|12px\u00bb box_shadow_style=\u00bbpreset1&#8243; locked=\u00bboff\u00bb global_colors_info=\u00bb{}\u00bb title__hover_enabled=\u00bboff|desktop\u00bb transform_styles__hover_enabled=\u00bbon|hover\u00bb transform_scale__hover_enabled=\u00bbon|hover\u00bb transform_translate__hover_enabled=\u00bbon|desktop\u00bb transform_rotate__hover_enabled=\u00bbon|desktop\u00bb transform_skew__hover_enabled=\u00bbon|desktop\u00bb transform_origin__hover_enabled=\u00bbon|desktop\u00bb transform_scale__hover=\u00bb90%|90%\u00bb]<\/p>\n<h3 style=\"text-align: center;\"><em>Descripci\u00f3n de avances club de playa Kokai<\/em><\/h3>\n<p style=\"text-align: center;\">DICIEMBRE 2025<\/p>\n<p>[\/et_pb_blurb][\/et_pb_column][\/et_pb_row][et_pb_row column_structure=\u00bb1_3,1_3,1_3&#8243; _builder_version=\u00bb4.23.4&#8243; _module_preset=\u00bbdefault\u00bb width=\u00bb100%\u00bb max_width=\u00bb1000px\u00bb module_alignment=\u00bbcenter\u00bb custom_margin=\u00bb|130px|-4px|130px||true\u00bb custom_padding=\u00bb|2px||||\u00bb global_colors_info=\u00bb{}\u00bb][et_pb_column type=\u00bb1_3&#8243; _builder_version=\u00bb4.23.4&#8243; _module_preset=\u00bbdefault\u00bb global_colors_info=\u00bb{}\u00bb][et_pb_blurb image=\u00bbhttps:\/\/avances.ghdesarrollos.mx\/wp-content\/uploads\/2025\/03\/Captura-de-pantalla-2025-03-03-a-las-4.13.57-p.m.png\u00bb content_max_width=\u00bb615px\u00bb _builder_version=\u00bb4.23.4&#8243; _module_preset=\u00bbdefault\u00bb header_text_align=\u00bbcenter\u00bb body_font=\u00bb||||||||\u00bb body_text_align=\u00bbjustify\u00bb background_color=\u00bbRGBA(255,255,255,0)\u00bb custom_margin=\u00bb|0px||0px|false|false\u00bb custom_padding=\u00bb0px|0px|3px|0px|false|true\u00bb link_option_url=\u00bbhttps:\/\/avances.ghdesarrollos.mx\/wp-content\/uploads\/2025\/10\/KOKAI_octubre_2025.pdf\u00bb link_option_url_new_window=\u00bbon\u00bb custom_css_free_form=\u00bb.et_pb_blurb_description p {||  margin-right: 15px;||  margin-left: 15px;||   margin-bottom: 10px;||}\u00bb border_radii=\u00bbon|12px|12px|12px|12px\u00bb box_shadow_style=\u00bbpreset1&#8243; locked=\u00bboff\u00bb global_colors_info=\u00bb{}\u00bb title__hover_enabled=\u00bboff|desktop\u00bb transform_styles__hover_enabled=\u00bbon|hover\u00bb transform_scale__hover_enabled=\u00bbon|hover\u00bb transform_translate__hover_enabled=\u00bbon|desktop\u00bb transform_rotate__hover_enabled=\u00bbon|desktop\u00bb transform_skew__hover_enabled=\u00bbon|desktop\u00bb transform_origin__hover_enabled=\u00bbon|desktop\u00bb transform_scale__hover=\u00bb90%|90%\u00bb]<\/p>\n<h3 style=\"text-align: center;\"><em>Descripci\u00f3n de avances club de playa Kokai<\/em><\/h3>\n<p style=\"text-align: center;\">OCTUBRE 2025<\/p>\n<p>[\/et_pb_blurb][\/et_pb_column][et_pb_column type=\u00bb1_3&#8243; _builder_version=\u00bb4.23.4&#8243; _module_preset=\u00bbdefault\u00bb global_colors_info=\u00bb{}\u00bb][et_pb_blurb image=\u00bbhttps:\/\/avances.ghdesarrollos.mx\/wp-content\/uploads\/2025\/03\/Captura-de-pantalla-2025-03-03-a-las-4.13.57-p.m.png\u00bb content_max_width=\u00bb615px\u00bb _builder_version=\u00bb4.23.4&#8243; _module_preset=\u00bbdefault\u00bb header_text_align=\u00bbcenter\u00bb body_font=\u00bb||||||||\u00bb body_text_align=\u00bbjustify\u00bb background_color=\u00bbRGBA(255,255,255,0)\u00bb custom_margin=\u00bb|0px||0px|false|false\u00bb custom_padding=\u00bb0px|0px|3px|0px|false|true\u00bb link_option_url=\u00bbhttps:\/\/avances.ghdesarrollos.mx\/wp-content\/uploads\/2025\/09\/KOKAI_09_2025.pdf\u00bb link_option_url_new_window=\u00bbon\u00bb custom_css_free_form=\u00bb.et_pb_blurb_description p {||  margin-right: 15px;||  margin-left: 15px;||   margin-bottom: 10px;||}\u00bb border_radii=\u00bbon|12px|12px|12px|12px\u00bb box_shadow_style=\u00bbpreset1&#8243; locked=\u00bboff\u00bb global_colors_info=\u00bb{}\u00bb title__hover_enabled=\u00bboff|desktop\u00bb transform_styles__hover_enabled=\u00bbon|hover\u00bb transform_scale__hover_enabled=\u00bbon|hover\u00bb transform_translate__hover_enabled=\u00bbon|desktop\u00bb transform_rotate__hover_enabled=\u00bbon|desktop\u00bb transform_skew__hover_enabled=\u00bbon|desktop\u00bb transform_origin__hover_enabled=\u00bbon|desktop\u00bb transform_scale__hover=\u00bb90%|90%\u00bb]<\/p>\n<h3 style=\"text-align: center;\"><em>Descripci\u00f3n de avances club de playa Kokai<\/em><\/h3>\n<p style=\"text-align: center;\">SEPTIEMBRE 2025<\/p>\n<p>[\/et_pb_blurb][\/et_pb_column][et_pb_column type=\u00bb1_3&#8243; _builder_version=\u00bb4.23.4&#8243; _module_preset=\u00bbdefault\u00bb global_colors_info=\u00bb{}\u00bb][et_pb_blurb image=\u00bbhttps:\/\/avances.ghdesarrollos.mx\/wp-content\/uploads\/2025\/03\/Captura-de-pantalla-2025-03-03-a-las-4.13.57-p.m.png\u00bb content_max_width=\u00bb615px\u00bb _builder_version=\u00bb4.23.4&#8243; _module_preset=\u00bbdefault\u00bb header_text_align=\u00bbcenter\u00bb body_font=\u00bb||||||||\u00bb body_text_align=\u00bbjustify\u00bb background_color=\u00bbRGBA(255,255,255,0)\u00bb custom_margin=\u00bb|0px||0px|false|false\u00bb custom_padding=\u00bb0px|0px|3px|0px|false|true\u00bb link_option_url=\u00bbhttps:\/\/avances.ghdesarrollos.mx\/wp-content\/uploads\/2025\/07\/28.06.25-250628-KOKAI.pdf\u00bb link_option_url_new_window=\u00bbon\u00bb custom_css_free_form=\u00bb.et_pb_blurb_description p {||  margin-right: 15px;||  margin-left: 15px;||   margin-bottom: 10px;||}\u00bb border_radii=\u00bbon|12px|12px|12px|12px\u00bb box_shadow_style=\u00bbpreset1&#8243; locked=\u00bboff\u00bb global_colors_info=\u00bb{}\u00bb title__hover_enabled=\u00bboff|desktop\u00bb transform_styles__hover_enabled=\u00bbon|hover\u00bb transform_scale__hover_enabled=\u00bbon|hover\u00bb transform_translate__hover_enabled=\u00bbon|desktop\u00bb transform_rotate__hover_enabled=\u00bbon|desktop\u00bb transform_skew__hover_enabled=\u00bbon|desktop\u00bb transform_origin__hover_enabled=\u00bbon|desktop\u00bb transform_scale__hover=\u00bb90%|90%\u00bb]<\/p>\n<h3 style=\"text-align: center;\"><em>Descripci\u00f3n de avances club de playa Kokai<\/em><\/h3>\n<p style=\"text-align: center;\">JUNIO 2025<\/p>\n<p>[\/et_pb_blurb][\/et_pb_column][\/et_pb_row][\/et_pb_section]<\/p>\n","protected":false},"excerpt":{"rendered":"<p>\u00a1Mira nuestros incre\u00edbles avances!Avances Club de PlayaDescripci\u00f3n de avances club de playa Kokai MARZO 2026Descripci\u00f3n de avances club de playa Kokai ENERO 2026Descripci\u00f3n de avances club de playa Kokai DICIEMBRE 2025Descripci\u00f3n de avances club de playa Kokai OCTUBRE 2025Descripci\u00f3n de avances club de playa Kokai SEPTIEMBRE 2025Descripci\u00f3n de avances club de playa Kokai JUNIO 2025<\/p>\n","protected":false},"author":1,"featured_media":0,"parent":0,"menu_order":0,"comment_status":"closed","ping_status":"closed","template":"","meta":{"_et_pb_use_builder":"on","_et_pb_old_content":"","_et_gb_content_width":"","footnotes":""},"_links":{"self":[{"href":"https:\/\/avances.ghdesarrollos.mx\/index.php\/wp-json\/wp\/v2\/pages\/1951"}],"collection":[{"href":"https:\/\/avances.ghdesarrollos.mx\/index.php\/wp-json\/wp\/v2\/pages"}],"about":[{"href":"https:\/\/avances.ghdesarrollos.mx\/index.php\/wp-json\/wp\/v2\/types\/page"}],"author":[{"embeddable":true,"href":"https:\/\/avances.ghdesarrollos.mx\/index.php\/wp-json\/wp\/v2\/users\/1"}],"replies":[{"embeddable":true,"href":"https:\/\/avances.ghdesarrollos.mx\/index.php\/wp-json\/wp\/v2\/comments?post=1951"}],"version-history":[{"count":6,"href":"https:\/\/avances.ghdesarrollos.mx\/index.php\/wp-json\/wp\/v2\/pages\/1951\/revisions"}],"predecessor-version":[{"id":2476,"href":"https:\/\/avances.ghdesarrollos.mx\/index.php\/wp-json\/wp\/v2\/pages\/1951\/revisions\/2476"}],"wp:attachment":[{"href":"https:\/\/avances.ghdesarrollos.mx\/index.php\/wp-json\/wp\/v2\/media?parent=1951"}],"curies":[{"name":"wp","href":"https:\/\/api.w.org\/{rel}","templated":true}]}}